{"id":62,"date":"2020-05-25T20:21:58","date_gmt":"2020-05-25T20:21:58","guid":{"rendered":"http:\/\/www.estufassorensen.com.ar\/?page_id=62"},"modified":"2020-05-25T20:21:58","modified_gmt":"2020-05-25T20:21:58","slug":"nuestra-empresa","status":"publish","type":"page","link":"https:\/\/estufassorensen.com.ar\/?page_id=62","title":{"rendered":"Nosotros"},"content":{"rendered":"\t\t<div data-elementor-type=\"wp-page\" data-elementor-id=\"62\" class=\"elementor elementor-62\">\n\t\t\t\t\t\t<section class=\"elementor-section elementor-top-section elementor-element elementor-element-479fb8c elementor-section-full_width elementor-section-height-full elementor-section-content-top animated-slow elementor-section-stretched elementor-section-height-default elementor-section-items-middle elementor-invisible\" data-id=\"479fb8c\" data-element_type=\"section\" data-settings=\"{&quot;background_background&quot;:&quot;classic&quot;,&quot;animation&quot;:&quot;fadeIn&quot;,&quot;stretch_section&quot;:&quot;section-stretched&quot;}\">\n\t\t\t\t\t\t\t<div class=\"elementor-background-overlay\"><\/div>\n\t\t\t\t\t\t\t<div class=\"elementor-container elementor-column-gap-default\">\n\t\t\t\t\t<div class=\"elementor-column elementor-col-100 elementor-top-column elementor-element elementor-element-0b0eb1d\" data-id=\"0b0eb1d\" data-element_type=\"column\">\n\t\t\t<div class=\"elementor-widget-wrap\">\n\t\t\t\t\t\t\t<\/div>\n\t\t<\/div>\n\t\t\t\t\t<\/div>\n\t\t<\/section>\n\t\t\t\t<section class=\"elementor-section elementor-top-section elementor-element elementor-element-33cee96 elementor-section-boxed elementor-section-height-default elementor-section-height-default\" data-id=\"33cee96\" data-element_type=\"section\" data-settings=\"{&quot;background_background&quot;:&quot;classic&quot;}\">\n\t\t\t\t\t\t\t<div class=\"elementor-background-overlay\"><\/div>\n\t\t\t\t\t\t\t<div class=\"elementor-container elementor-column-gap-default\">\n\t\t\t\t\t<div class=\"elementor-column elementor-col-100 elementor-top-column elementor-element elementor-element-ad3b958\" data-id=\"ad3b958\" data-element_type=\"column\">\n\t\t\t<div class=\"elementor-widget-wrap elementor-element-populated\">\n\t\t\t\t\t\t<div class=\"elementor-element elementor-element-28417e5 elementor-widget elementor-widget-heading\" data-id=\"28417e5\" data-element_type=\"widget\" data-widget_type=\"heading.default\">\n\t\t\t\t<div class=\"elementor-widget-container\">\n\t\t\t\t\t<h1 class=\"elementor-heading-title elementor-size-default\">Nosotros<\/h1>\t\t\t\t<\/div>\n\t\t\t\t<\/div>\n\t\t\t\t<div class=\"elementor-element elementor-element-a812ca8 elementor-widget elementor-widget-spacer\" data-id=\"a812ca8\" data-element_type=\"widget\" data-widget_type=\"spacer.default\">\n\t\t\t\t<div class=\"elementor-widget-container\">\n\t\t\t\t\t\t\t<div class=\"elementor-spacer\">\n\t\t\t<div class=\"elementor-spacer-inner\"><\/div>\n\t\t<\/div>\n\t\t\t\t\t\t<\/div>\n\t\t\t\t<\/div>\n\t\t\t\t<div class=\"elementor-element elementor-element-239950f elementor-widget elementor-widget-text-editor\" data-id=\"239950f\" data-element_type=\"widget\" data-widget_type=\"text-editor.default\">\n\t\t\t\t<div class=\"elementor-widget-container\">\n\t\t\t\t\t\t\t\t\t<p>Hace m\u00e1s de una d\u00e9cada que fabricamos nuestras estufas,<br \/>teniendo en cuenta y cuidando cada detalle en el proceso de<br \/>producci\u00f3n, asegur\u00e1ndonos de brindarle a nuestros clientes<br \/>la mejor calidad en estufas para su hogar.<br \/>Funcionan con un sistema de doble combusti\u00f3n, garantizando<br \/>el m\u00e1ximo rendimiento de la le\u00f1a y proporcionando un calor<br \/>seco y confortable, sin generar gases t\u00f3xicos, humo olor y<br \/>suciedad, reduciendo la contaminaci\u00f3n ambiental.<br \/>Estufas Sorensen , es calor de hogar a tu medida.<\/p>\t\t\t\t\t\t\t\t<\/div>\n\t\t\t\t<\/div>\n\t\t\t\t<div class=\"elementor-element elementor-element-c596ad1 elementor-widget elementor-widget-spacer\" data-id=\"c596ad1\" data-element_type=\"widget\" data-widget_type=\"spacer.default\">\n\t\t\t\t<div class=\"elementor-widget-container\">\n\t\t\t\t\t\t\t<div class=\"elementor-spacer\">\n\t\t\t<div class=\"elementor-spacer-inner\"><\/div>\n\t\t<\/div>\n\t\t\t\t\t\t<\/div>\n\t\t\t\t<\/div>\n\t\t\t\t\t<\/div>\n\t\t<\/div>\n\t\t\t\t\t<\/div>\n\t\t<\/section>\n\t\t\t\t<section class=\"elementor-section elementor-top-section elementor-element elementor-element-d0e015f elementor-section-boxed elementor-section-height-default elementor-section-height-default\" data-id=\"d0e015f\" data-element_type=\"section\">\n\t\t\t\t\t\t<div class=\"elementor-container elementor-column-gap-default\">\n\t\t\t\t\t<div class=\"elementor-column elementor-col-100 elementor-top-column elementor-element elementor-element-62b7fea\" data-id=\"62b7fea\" data-element_type=\"column\">\n\t\t\t<div class=\"elementor-widget-wrap elementor-element-populated\">\n\t\t\t\t\t\t<div class=\"elementor-element elementor-element-36f5370 elementor-widget elementor-widget-spacer\" data-id=\"36f5370\" data-element_type=\"widget\" data-widget_type=\"spacer.default\">\n\t\t\t\t<div class=\"elementor-widget-container\">\n\t\t\t\t\t\t\t<div class=\"elementor-spacer\">\n\t\t\t<div class=\"elementor-spacer-inner\"><\/div>\n\t\t<\/div>\n\t\t\t\t\t\t<\/div>\n\t\t\t\t<\/div>\n\t\t\t\t\t<\/div>\n\t\t<\/div>\n\t\t\t\t\t<\/div>\n\t\t<\/section>\n\t\t\t\t<\/div>\n\t\t","protected":false},"excerpt":{"rendered":"<p>Nosotros Hace m\u00e1s de una d\u00e9cada que fabricamos nuestras estufas,teniendo en cuenta y cuidando cada detalle en el proceso deproducci\u00f3n, asegur\u00e1ndonos de brindarle a nuestros clientesla mejor calidad en estufas para su hogar.Funcionan con un sistema de doble combusti\u00f3n, garantizandoel m\u00e1ximo rendimiento de la le\u00f1a y proporcionando un calorseco y confortable, sin generar gases t\u00f3xicos, [&hellip;]<\/p>\n","protected":false},"author":1,"featured_media":0,"parent":0,"menu_order":0,"comment_status":"closed","ping_status":"closed","template":"elementor_canvas","meta":{"om_disable_all_campaigns":false,"_monsterinsights_skip_tracking":false,"_monsterinsights_sitenote_active":false,"_monsterinsights_sitenote_note":"","_monsterinsights_sitenote_category":0,"footnotes":""},"class_list":["post-62","page","type-page","status-publish","hentry"],"aioseo_notices":[],"_links":{"self":[{"href":"https:\/\/estufassorensen.com.ar\/index.php?rest_route=\/wp\/v2\/pages\/62","targetHints":{"allow":["GET"]}}],"collection":[{"href":"https:\/\/estufassorensen.com.ar\/index.php?rest_route=\/wp\/v2\/pages"}],"about":[{"href":"https:\/\/estufassorensen.com.ar\/index.php?rest_route=\/wp\/v2\/types\/page"}],"author":[{"embeddable":true,"href":"https:\/\/estufassorensen.com.ar\/index.php?rest_route=\/wp\/v2\/users\/1"}],"replies":[{"embeddable":true,"href":"https:\/\/estufassorensen.com.ar\/index.php?rest_route=%2Fwp%2Fv2%2Fcomments&post=62"}],"version-history":[{"count":0,"href":"https:\/\/estufassorensen.com.ar\/index.php?rest_route=\/wp\/v2\/pages\/62\/revisions"}],"wp:attachment":[{"href":"https:\/\/estufassorensen.com.ar\/index.php?rest_route=%2Fwp%2Fv2%2Fmedia&parent=62"}],"curies":[{"name":"wp","href":"https:\/\/api.w.org\/{rel}","templated":true}]}}